{"id":10,"date":"2024-07-24T01:48:11","date_gmt":"2024-07-24T01:48:11","guid":{"rendered":"https:\/\/institutohugochavez.com\/?page_id=10"},"modified":"2024-07-24T03:37:24","modified_gmt":"2024-07-24T03:37:24","slug":"quienes-somos","status":"publish","type":"page","link":"https:\/\/institutohugochavez.com\/index.php\/quienes-somos\/","title":{"rendered":"QUIENES SOMOS"},"content":{"rendered":"\n<h2 class=\"wp-block-heading\">Rese\u00f1a Institucional<\/h2>\n\n\n\n<p>La Fundaci\u00f3n \u201cInstituto de Altos Estudios del Pensamiento del Comandante Supremo Hugo Rafael Ch\u00e1vez Fr\u00edas\u201d fue creada mediante Decreto Presidencial N\u00b0 255 de fecha 26 de julio del a\u00f1o 2013, publicado en la Gaceta Oficial de la Rep\u00fablica Bolivariana de Venezuela N\u00b0 40.216 del 29 de julio de ese mismo a\u00f1o.<\/p>\n\n\n\n<p>La Instituci\u00f3n se constituye como una Fundaci\u00f3n sin fines de lucro, con personalidad jur\u00eddica y patrimonio propio, bajo la adscripci\u00f3n, rector\u00eda y control estatutario del Ministerio del Poder Popular del Despacho de la Presidencia y Seguimiento de la Gesti\u00f3n de Gobierno;\u00a0 y tiene su domicilio en la ciudad de Caracas, Distrito Capital, pudiendo establecer sedes en cualquier otra entidad federal del pa\u00eds, previa autorizaci\u00f3n del \u00f3rgano de adscripci\u00f3n y aprobaci\u00f3n del Consejo Directivo (en la actualidad las tiene en los estados Barinas y M\u00e9rida).<\/p>\n\n\n\n<h2 class=\"wp-block-heading\">Misi\u00f3n<\/h2>\n\n\n\n<p>Contribuir con la preservaci\u00f3n del legado del Comandante Hugo Ch\u00e1vez, a trav\u00e9s de la investigaci\u00f3n, estudio y difusi\u00f3n de la vida y gesti\u00f3n de gobierno del l\u00edder hist\u00f3rico de la Revoluci\u00f3n Bolivariana.<\/p>\n\n\n\n<h2 class=\"wp-block-heading\">Visi\u00f3n<\/h2>\n\n\n\n<p>Ser una Instituci\u00f3n vanguardia en la defensa del ideario y los valores legados a la humanidad por el Comandante Hugo Ch\u00e1vez, propiciando por todos los medios adecuados y necesarios la realizaci\u00f3n de los fines por los que se constituye.<\/p>\n\n\n\n<h2 class=\"wp-block-heading\">Funciones<\/h2>\n\n\n\n<ol class=\"wp-block-list\">\n<li>Avalar, aprobar, difundir, estudiar, informar, investigar, promocionar y preservar la trayectoria y legado ejemplar del Comandante Hugo Ch\u00e1vez Fr\u00edas.<\/li>\n\n\n\n<li>Desarrollar y fomentar, todo trabajo creativo conceptual del ideario del m\u00e1ximo l\u00edder en el \u00e1mbito cultural, cient\u00edfico, literario, ben\u00e9fico o social.<\/li>\n\n\n\n<li>Organizar congresos y toda clase de encuentros nacionales e internacionales.<\/li>\n\n\n\n<li>Realizar cursos de divulgaci\u00f3n, conferencias y foros.<\/li>\n\n\n\n<li>Promover c\u00e1tedras educativas, en coordinaci\u00f3n con el Ministerio del Poder Popular con competencia en materia de educaci\u00f3n superior, a fin de cumplir con los objetivos de resguardar, estudiar, preservar y difundir el legado del Comandante Supremo de la Revoluci\u00f3n Bolivariana Hugo Rafael Ch\u00e1vez Fr\u00edas.<\/li>\n\n\n\n<li>Recopilar archivos de audio, documentales, obras, discursos y testimonios orales y escritos, films, fotos y cualquier otra obra relacionada con la vida y la gesti\u00f3n de gobierno del Comandante Supremo Hugo Rafael Ch\u00e1vez Fr\u00edas, los cuales permitir\u00e1n la producci\u00f3n de trabajos de audios, videos, documentales, teatrales y escritos.<\/li>\n\n\n\n<li>Ejercer la defensa del ideario y los valores legados a la humanidad por el Comandante Supremo Hugo Rafael Ch\u00e1vez Fr\u00edas y en general, propiciar por todos los medios adecuados y necesarios la realizaci\u00f3n de los fines para los que se constituye, colaborando con todo tipo de organizaciones y entidades, p\u00fablicas o privadas, nacionales e internacionales, para el desarrollo de su objeto y fines sociales.<\/li>\n<\/ol>\n\n\n\n<h2 class=\"wp-block-heading\">Estructura Organizativa<\/h2>\n\n\n\n<p>La estructura organizativa de la Fundaci\u00f3n Instituto de Altos Estudios del Pensamiento del Comandante Supremo Hugo Rafael Ch\u00e1vez Fr\u00edas contempla tres (3) niveles organizacionales, cada uno de los cuales tiene su propia significaci\u00f3n y aporte al desarrollo organizacional; a saber:<\/p>\n\n\n\n<ul class=\"wp-block-list\">\n<li><strong>Nivel de Direcci\u00f3n Superior o Estrat\u00e9gico:<\/strong> En este nivel se incluyen las instancias organizacionales encargadas de cristalizar la formulaci\u00f3n de las pol\u00edticas de la Instituci\u00f3n y los procesos de la alta gerencia, destinados a la direcci\u00f3n, planeaci\u00f3n, control, coordinaci\u00f3n, formulaci\u00f3n de objetivos y metas, con el fin de se\u00f1alar el rumbo a seguir.\u00a0\u00a0\u00a0\u00a0\u00a0\u00a0\u00a0\u00a0<\/li>\n\n\n\n<li><strong>El nivel de Direcci\u00f3n Superior o Estrat\u00e9gico<\/strong> est\u00e1 comprendido por:\n<ul class=\"wp-block-list\">\n<li>Consejo Directivo.<\/li>\n\n\n\n<li>Presidencia.<\/li>\n\n\n\n<li>Vicepresidencia.<\/li>\n<\/ul>\n<\/li>\n<\/ul>\n\n\n\n<div class=\"wp-block-group\"><div class=\"wp-block-group__inner-container is-layout-constrained wp-block-group-is-layout-constrained\">\n<ul class=\"wp-block-list\">\n<li><strong>Nivel de Asesor\u00eda y Apoyo:<\/strong> En este nivel se incluyen aquellas unidades organizacionales que coadyuvan al cumplimiento de los objetivos de la Instituci\u00f3n, las relaciones institucionales y la divulgaci\u00f3n de las actividades de la organizaci\u00f3n. Las mismas propenden asegurar la legalidad de las operaciones, para salvaguardar la posici\u00f3n jur\u00eddica de la organizaci\u00f3n, garantizar la transparencia en todas las transacciones que se realicen y establecer el trabajo de equipos, con el prop\u00f3sito de lograr el compromiso de todos con los fines y procesos que deben implantarse. El nivel de Asesor\u00eda y Apoyo est\u00e1 comprendido por:  \n<ul class=\"wp-block-list\">\n<li>Oficina de Gesti\u00f3n Administrativa.<\/li>\n\n\n\n<li>Oficina de Planificaci\u00f3n y Presupuesto.<\/li>\n\n\n\n<li>Oficina de Gesti\u00f3n Humana.<\/li>\n\n\n\n<li>Oficina de Atenci\u00f3n Ciudadana.<\/li>\n\n\n\n<li>Oficina de Tecnolog\u00eda y Sistemas.<\/li>\n\n\n\n<li>Oficina de Gesti\u00f3n Comunicacional.<\/li>\n\n\n\n<li>Consultor\u00eda Jur\u00eddica.<\/li>\n\n\n\n<li>Auditor\u00eda Interna.<\/li>\n<\/ul>\n<\/li>\n<\/ul>\n<\/div><\/div>\n\n\n\n<ul class=\"wp-block-list\"><\/ul>\n\n\n\n<ul class=\"wp-block-list\">\n<li><strong>Nivel Operativo o Sustantivo:<\/strong> En este nivel se incluyen las unidades organizacionales que materializan directamente los objetivos y procesos de la Instituci\u00f3n;\u00a0 siendo el nivel responsable de producir los resultados de \u00e9sta. Aqu\u00ed se realizan las tareas derivadas de la ejecuci\u00f3n de los planes, programas, proyectos y dem\u00e1s actividades a trav\u00e9s de las unidades organizacionales adecuadas a la din\u00e1mica actual. El nivel Operativo o Sustantivo est\u00e1 comprendido por:\n<ul class=\"wp-block-list\">\n<li>Direcci\u00f3n General Socio-Acad\u00e9mica.<\/li>\n\n\n\n<li>Direcci\u00f3n General de Preservaci\u00f3n y Desarrollo Documental.<\/li>\n\n\n\n<li>Direcci\u00f3n General de Desarrollo Territorial.<\/li>\n<\/ul>\n<\/li>\n<\/ul>\n\n\n\n<p>A continuaci\u00f3n se presenta el organigrama estructural de la Fundaci\u00f3n \u201cInstituto de Altos Estudios del Pensamiento del Comandante Supremo Hugo Rafael Ch\u00e1vez Fr\u00edas\u201d, tomando en cuenta la disposici\u00f3n de las distintas dependencias que lo conforman:<\/p>\n\n\n\n<figure class=\"wp-block-image size-full is-resized\"><img loading=\"lazy\" decoding=\"async\" width=\"1685\" height=\"913\" src=\"https:\/\/institutohugochavez.com\/wp-content\/uploads\/2024\/07\/Organigrama-instituto-2.png\" alt=\"\" class=\"wp-image-31\" style=\"width:838px;height:auto\" srcset=\"https:\/\/institutohugochavez.com\/wp-content\/uploads\/2024\/07\/Organigrama-instituto-2.png 1685w, https:\/\/institutohugochavez.com\/wp-content\/uploads\/2024\/07\/Organigrama-instituto-2-300x163.png 300w, https:\/\/institutohugochavez.com\/wp-content\/uploads\/2024\/07\/Organigrama-instituto-2-1024x555.png 1024w, https:\/\/institutohugochavez.com\/wp-content\/uploads\/2024\/07\/Organigrama-instituto-2-768x416.png 768w, https:\/\/institutohugochavez.com\/wp-content\/uploads\/2024\/07\/Organigrama-instituto-2-1536x832.png 1536w, https:\/\/institutohugochavez.com\/wp-content\/uploads\/2024\/07\/Organigrama-instituto-2-660x358.png 660w\" sizes=\"auto, (max-width: 1685px) 100vw, 1685px\" \/><\/figure>\n\n\n\n<h2 class=\"wp-block-heading\">Autoridades<\/h2>\n\n\n\n<ul class=\"wp-block-list\">\n<li><strong>Presidente<\/strong>: Ad\u00e1n Ch\u00e1vez Fr\u00edas.<\/li>\n\n\n\n<li><strong>Vicepresidente:<\/strong> Edwin D\u00edaz Muzaly.<\/li>\n\n\n\n<li><strong>Consejo Directivo: <\/strong>\n<ul class=\"wp-block-list\">\n<li>Ad\u00e1n Ch\u00e1vez Fr\u00edas.<\/li>\n\n\n\n<li>Edwin D\u00edaz Muzaly.<\/li>\n\n\n\n<li>Ra\u00fal Cazal.<\/li>\n\n\n\n<li>Maigualida Barrera.<\/li>\n\n\n\n<li>Ram\u00f3n L\u00f3pez.<\/li>\n<\/ul>\n<\/li>\n<\/ul>\n\n\n\n<h2 class=\"wp-block-heading\">Valores Institucionales<\/h2>\n\n\n\n<ul class=\"wp-block-list\">\n<li><strong>Vocaci\u00f3n de Servicio y Sensibilidad Social: <\/strong>Cualidad que parte del desarrollo de un proceso de sensibilizaci\u00f3n interna,\u00a0 que inspira la acci\u00f3n revolucionaria del equipo de trabajo en funci\u00f3n de servir al pueblo, d\u00e1ndose por entero en la ejecuci\u00f3n necesaria de las tareas encomendadas.<\/li>\n\n\n\n<li><strong>Trabajo en Equipo:<\/strong> La habilidad de trabajar juntos, dirigidos\u00a0 con\u00a0 una visi\u00f3n com\u00fan, colocando al servicio de los(as) integrantes del equipo las competencias y valores tanto personales como profesionales, para lograr alcanzar los objetivos previstos.<\/li>\n\n\n\n<li><strong>Amor a la Patria: <\/strong>El valor desde el respeto y el afecto enriquecedor que debemos a la Patria, expresado conscientemente desde el trabajo honesto y la contribuci\u00f3n al bienestar com\u00fan, puesto de manifiesto desde la valoraci\u00f3n de lo propio y de la\u00a0 historia, desarroll\u00e1ndolo con sentido de unidad y fortaleciendo las caracter\u00edsticas\u00a0 propias de nuestra Identidad Nacional.<\/li>\n\n\n\n<li><strong>Creatividad:<\/strong> La habilidad de proponer situaciones nuevas, partiendo de hechos reales y en aras de solucionar problemas de forma eficaz, oportuna, planificada y proactiva; a fin de cumplir los objetivos comunes planteados por la Instituci\u00f3n.<\/li>\n\n\n\n<li><strong>Honestidad:<\/strong> La transparencia en su accionar por parte de cada servidor(a) p\u00fablico(a), generando acciones y conductas que formen confianza, en s\u00ed mismo, en los(as) compa\u00f1eros(as) con quienes se comparte equipo de trabajo y en nuestro pueblo.<\/li>\n\n\n\n<li><strong>Responsabilidad<\/strong>: La competencia de tomar decisiones de forma consciente, lo que lleva a aceptar las consecuencias de las propias acciones, dando respuesta a tareas o metas encomendadas que contribuyen a lograr con \u00e9xito los objetivos institucionales.<\/li>\n\n\n\n<li><strong>Solidaridad:<\/strong> Principio que impulsa y favorece el desarrollo individual y colectivo de la organizaci\u00f3n, fundamentado en la igualdad, la comprensi\u00f3n de las realidades y situaciones de otros, favoreciendo el crecimiento espiritual del individuo y elevando la moral del equipo de trabajo para enfrentar las circunstancias que impone el entorno.<\/li>\n\n\n\n<li><strong>Disciplina:<\/strong> La competencia estrat\u00e9gica de actuar apegado a las normas y las instrucciones emanadas de la autoridad, desde el auto-conocimiento, la responsabilidad y el compromiso personal e institucional que regulan las acciones individuales y colectivas.<\/li>\n\n\n\n<li><strong>Compromiso: <\/strong>Sistema de valores que nos permite conocer y comprender la alta responsabilidad que implican nuestras acciones en la consecuci\u00f3n de la tarea central, la cual invita a cada servidor(a) p\u00fablico(a) a ser m\u00e1s exigentes consigo mismo para el cumplimiento con \u00e9xito de los objetivos institucionales.<\/li>\n<\/ul>\n\n\n\n<h2 class=\"wp-block-heading\">Vinculaci\u00f3n con el Plan de la Patria<\/h2>\n\n\n\n<p><strong>Objetivo Hist\u00f3rico<\/strong><\/p>\n\n\n\n<p>La Fundaci\u00f3n Instituto de Altos Estudios del Pensamiento del Comandante Supremo Hugo Rafael Ch\u00e1vez Fr\u00edas enmarca su visi\u00f3n y accionar colectivo en la orientaci\u00f3n emanada del segundo Objetivo Hist\u00f3rico:<\/p>\n\n\n\n<p>Continuar construyendo el Socialismo Bolivariano del Siglo XXI en Venezuela, como alternativa al modelo salvaje del capitalismo y con ello asegurar \u201cla mayor suma de felicidad posible, la mayor suma de seguridad social y la mayor suma de estabilidad pol\u00edtica\u201d para nuestro pueblo.<\/p>\n\n\n\n<p><strong>Objetivo Nacional <\/strong><\/p>\n\n\n\n<p>Convocar y promover una nueva orientaci\u00f3n \u00e9tica, moral y espiritual de la sociedad basada en los valores liberadores del socialismo (Objetivo Nacional 2.4).<\/p>\n\n\n\n<h1 class=\"wp-block-heading\">&nbsp;<\/h1>\n","protected":false},"excerpt":{"rendered":"<p>Rese\u00f1a Institucional La Fundaci\u00f3n \u201cInstituto de Altos Estudios del Pensamiento del Comandante Supremo Hugo Rafael Ch\u00e1vez Fr\u00edas\u201d fue creada mediante Decreto Presidencial N\u00b0 255 de fecha 26 de julio del a\u00f1o 2013, publicado en la Gaceta Oficial de la Rep\u00fablica Bolivariana de Venezuela N\u00b0 40.216 del 29 de julio de ese mismo a\u00f1o. La Instituci\u00f3n\u2026 <span class=\"read-more\"><a href=\"https:\/\/institutohugochavez.com\/index.php\/quienes-somos\/\">Leer m\u00e1s &raquo;<\/a><\/span><\/p>\n","protected":false},"author":1,"featured_media":0,"parent":0,"menu_order":0,"comment_status":"closed","ping_status":"closed","template":"","meta":{"footnotes":""},"class_list":["post-10","page","type-page","status-publish","hentry"],"_links":{"self":[{"href":"https:\/\/institutohugochavez.com\/index.php\/wp-json\/wp\/v2\/pages\/10","targetHints":{"allow":["GET"]}}],"collection":[{"href":"https:\/\/institutohugochavez.com\/index.php\/wp-json\/wp\/v2\/pages"}],"about":[{"href":"https:\/\/institutohugochavez.com\/index.php\/wp-json\/wp\/v2\/types\/page"}],"author":[{"embeddable":true,"href":"https:\/\/institutohugochavez.com\/index.php\/wp-json\/wp\/v2\/users\/1"}],"replies":[{"embeddable":true,"href":"https:\/\/institutohugochavez.com\/index.php\/wp-json\/wp\/v2\/comments?post=10"}],"version-history":[{"count":11,"href":"https:\/\/institutohugochavez.com\/index.php\/wp-json\/wp\/v2\/pages\/10\/revisions"}],"predecessor-version":[{"id":34,"href":"https:\/\/institutohugochavez.com\/index.php\/wp-json\/wp\/v2\/pages\/10\/revisions\/34"}],"wp:attachment":[{"href":"https:\/\/institutohugochavez.com\/index.php\/wp-json\/wp\/v2\/media?parent=10"}],"curies":[{"name":"wp","href":"https:\/\/api.w.org\/{rel}","templated":true}]}}