{"id":12,"date":"2024-07-24T01:51:24","date_gmt":"2024-07-24T01:51:24","guid":{"rendered":"https:\/\/institutohugochavez.com\/?page_id=12"},"modified":"2024-07-24T03:48:46","modified_gmt":"2024-07-24T03:48:46","slug":"programas-y-proyectos","status":"publish","type":"page","link":"https:\/\/institutohugochavez.com\/index.php\/programas-y-proyectos\/","title":{"rendered":"PROGRAMAS Y PROYECTOS"},"content":{"rendered":"\n<h2 class=\"wp-block-heading\">Programas que desarrolla la Instituci\u00f3n en cumplimiento del objeto para la cual fue creada<\/h2>\n\n\n\n<ul class=\"wp-block-list\">\n<li>Sistema de Formaci\u00f3n.<\/li>\n\n\n\n<li>Investigaci\u00f3n.<\/li>\n\n\n\n<li>Editorial.<\/li>\n\n\n\n<li>Preservaci\u00f3n (La Huella Incandescente).<\/li>\n<\/ul>\n\n\n\n<h2 class=\"wp-block-heading\">Publicaciones del IAEP Hugo Ch\u00e1vez a la fecha<\/h2>\n\n\n\n<ol class=\"wp-block-list\">\n<li>Al\u00f3 Presidente Te\u00f3rico.<\/li>\n\n\n\n<li>Hugo Ch\u00e1vez y los Pueblos Ind\u00edgenas.\u00a0<\/li>\n\n\n\n<li>Golpe de Tim\u00f3n y \u00daltimas Intervenciones.<\/li>\n\n\n\n<li>Pensamiento Antiimperialista y Uni\u00f3n de los Pueblos.\u00a0<\/li>\n\n\n\n<li>Hugo Ch\u00e1vez y la Venezuela Potencia: Ideas y Discursos sobre el Desarrollo Econ\u00f3mico.<\/li>\n\n\n\n<li>\u00a0Hugo Ch\u00e1vez: Mi Primera Vida (Tomos I al III).<\/li>\n\n\n\n<li>\u00a0El Joven Ch\u00e1vez.<\/li>\n\n\n\n<li>Diario del Cadete Hugo Ch\u00e1vez (co-edici\u00f3n con la Fundaci\u00f3n \u201cComandante Eterno\u201d).<\/li>\n\n\n\n<li>Un Brazalete Tricolor.<\/li>\n\n\n\n<li>El Despertar de un Pueblo: del Por Ahora a la Victoria Necesaria.<\/li>\n\n\n\n<li>Febreros y Abriles para Siempre.<\/li>\n\n\n\n<li>Poemas de Amor al Comandante.<\/li>\n\n\n\n<li>Hugo Ch\u00e1vez y el Socialismo Bolivariano.<\/li>\n\n\n\n<li>Cuadernos del Morral.<\/li>\n\n\n\n<li>Pensamos desde el Pueblo: Escritos sobre el Ideario de Hugo Ch\u00e1vez.<\/li>\n\n\n\n<li>Labrador de Cantos.<\/li>\n\n\n\n<li>El Derecho a la Ciudad Siguiendo a Ch\u00e1vez.<\/li>\n\n\n\n<li>G\u00e9nesis del L\u00edder y de la Revoluci\u00f3n Bolivariana.<\/li>\n\n\n\n<li>Pensamiento Pol\u00edtico, Social y Econ\u00f3mico del Comandante Hugo Ch\u00e1vez.<\/li>\n\n\n\n<li>Visi\u00f3n de la Nueva Geopol\u00edtica Mundial en Defensa de la Humanidad (Tomos I y II).<\/li>\n\n\n\n<li>Diplomacia Presidencial: Seguimiento a los Viajes Internacionales de Hugo Ch\u00e1vez Fr\u00edas (Tomos I al VIII).<\/li>\n<\/ol>\n","protected":false},"excerpt":{"rendered":"<p>Programas que desarrolla la Instituci\u00f3n en cumplimiento del objeto para la cual fue creada Publicaciones del IAEP Hugo Ch\u00e1vez a la fecha<\/p>\n","protected":false},"author":1,"featured_media":0,"parent":0,"menu_order":0,"comment_status":"closed","ping_status":"closed","template":"","meta":{"footnotes":""},"class_list":["post-12","page","type-page","status-publish","hentry"],"_links":{"self":[{"href":"https:\/\/institutohugochavez.com\/index.php\/wp-json\/wp\/v2\/pages\/12","targetHints":{"allow":["GET"]}}],"collection":[{"href":"https:\/\/institutohugochavez.com\/index.php\/wp-json\/wp\/v2\/pages"}],"about":[{"href":"https:\/\/institutohugochavez.com\/index.php\/wp-json\/wp\/v2\/types\/page"}],"author":[{"embeddable":true,"href":"https:\/\/institutohugochavez.com\/index.php\/wp-json\/wp\/v2\/users\/1"}],"replies":[{"embeddable":true,"href":"https:\/\/institutohugochavez.com\/index.php\/wp-json\/wp\/v2\/comments?post=12"}],"version-history":[{"count":3,"href":"https:\/\/institutohugochavez.com\/index.php\/wp-json\/wp\/v2\/pages\/12\/revisions"}],"predecessor-version":[{"id":36,"href":"https:\/\/institutohugochavez.com\/index.php\/wp-json\/wp\/v2\/pages\/12\/revisions\/36"}],"wp:attachment":[{"href":"https:\/\/institutohugochavez.com\/index.php\/wp-json\/wp\/v2\/media?parent=12"}],"curies":[{"name":"wp","href":"https:\/\/api.w.org\/{rel}","templated":true}]}}